{"id":3,"date":"2021-06-06T07:20:20","date_gmt":"2021-06-06T07:20:20","guid":{"rendered":"https:\/\/landestauchverband-steiermark-at-726431.hostingersite.com\/?page_id=3"},"modified":"2024-08-20T09:55:49","modified_gmt":"2024-08-20T09:55:49","slug":"impressum-datenschutz","status":"publish","type":"page","link":"https:\/\/landestauchverband-steiermark.at\/impressum-datenschutz\/","title":{"rendered":"IMPRESSUM \/ DATENSCHUTZ"},"content":{"rendered":"<p><\/p>\n<h1 class=\"wp-block-heading\" style=\"text-align: center;\">Impressum<\/h1>\n<p><\/p>\n<p style=\"text-align: center;\">Landestauchverband Steiermark<\/p>\n<p style=\"text-align: center;\">Arch. DI Werner Kampits<br>A 8010 Graz<br>Gleisdorfergasse 4<\/p>\n<p style=\"text-align: center;\"><a href=\"http:\/\/st-ltv.sportunion.at\/\">www.landestauchverband-steiermark.at<\/a><\/p>\n<p style=\"text-align: center;\"><a href=\"mailto:office.ltv-stmk@sportunion.at\">sekretariat@landestauchverband-steiermark.at<\/a><\/p>\n<p style=\"text-align: center;\">ZVR 320221905<\/p>\n<p style=\"text-align: center;\">\n<\/p><p style=\"text-align: center;\"><strong>Bankverbindung:<\/strong><\/p>\n<p style=\"text-align: center;\">Landestauchverband Steiermark<br>Bank Burgenland<br>IBAN: AT73 5100 0809 1416 3200<\/p>\n<p><\/p>\n<h2 class=\"wp-block-heading\" style=\"text-align: center;\">Richtigkeit &amp; Vollst\u00e4ndigkeit<\/h2>\n<p><\/p>\n<p style=\"text-align: center;\">F\u00fcr die Richtigkeit und Vollst\u00e4ndigkeit der auf der Homepage angebotenen Inhalte wird keinerlei Gew\u00e4hr \u00fcbernommen. Den mittels Internet angebotenen Informationen kommt keinerlei Rechtsverbindlichkeit zu. Verschiedene Elemente auf diesen Seiten sind urheberrechtlich oder durch gesetzliche Grundlagen gesch\u00fctzt.<\/p>\n<p>Trotz sorgf\u00e4ltiger inhaltlicher Kontrolle \u00fcbernehmen wir keine Haftung f\u00fcr die Inhalte externer Links. Wir erkl\u00e4ren ausdr\u00fccklich, keinerlei Einfluss auf die Gestaltung und die Inhalte der gelinkten Seiten zu haben. Wir distanzieren uns daher hiermit ausdr\u00fccklich von allen Inhalten der Seiten, die \u00fcber Links von dieser Seite aus erreichbar sind.<\/p>\n<p>Trotz h\u00f6chster Sorgfalt bei der Auswahl und Darbietung kann f\u00fcr dennoch enthaltene Fehler keine wie immer geartete Haftung \u00fcbernommen werden.<br>F\u00fcr die Inhalte aller Links, die zu Seiten ausserhalb unserer Homepage f\u00fchren, wird keine Haftung \u00fcbernommen und f\u00fcr die dort enthaltenen Informationen ist der jeweilige Diensteanbieter verantwortlich.<\/p>\n<p><\/p>\n<h2 class=\"wp-block-heading\" style=\"text-align: center;\">Urheberrecht<\/h2>\n<p><\/p>\n<p style=\"text-align: center;\">Es wird darauf hingewiesen, dass an Veranstaltungen Fotos und\/oder Videos angefertigt werden und zu Zwecken der Dokumentation der Veranstaltung ver\u00f6ffentlicht werden k\u00f6nnen.<\/p>\n<p style=\"text-align: center;\">Mit der Anmeldung zu Veranstaltungen oder der Vereinsanmeldung wird zur Kenntnis genommen, dass Fotografien und Videomaterialien, auf denen&nbsp;Personen abgebildet sind, zur Presse-Berichterstattung verwendet und in verschiedensten (Sozialen) Medien, Publikationen und auf Webseiten ver\u00f6ffentlicht werden.<\/p>\n<p style=\"text-align: center;\">Es wird gesondert daruf hingewiesen dass, Fotos, Viedeos und Dokumente welche&nbsp;ohne explizite Einschr\u00e4nkung derer Nutzung&nbsp;&nbsp;\u00fcbermittelt werden, der&nbsp;LTV-Steiermark diese bis zum Wiederruf von der uneingeschrenkten Nutzung gebrauch machen kann.<\/p>\n<p><\/p>\n<h2 class=\"wp-block-heading\" style=\"text-align: center;\">Datenschutzerkl\u00e4rung<\/h2>\n<p><\/p>\n<p style=\"text-align: center;\">Der Schutz Ihrer pers\u00f6nlichen Daten ist uns ein besonderes Anliegen. Wir verarbeiten Ihre Daten daher ausschlie\u00dflich auf Grundlage der gesetzlichen Bestimmungen (DSGVO, DSG 2018, TKG 2003). In diesen Datenschutzinformationen informieren wir Sie \u00fcber die wichtigsten Aspekte der Datenverarbeitung im Rahmen unserer Website. Die Datenverarbeitung auf der Website erfolgt zum Zeitpunkt der Datenerhebung durch die verantwortliche Stelle und durch den Verantwortlichen (siehe Impressum).<\/p>\n<p><\/p>\n<h2 class=\"wp-block-heading\" style=\"text-align: center;\">Cookies<\/h2>\n<p><\/p>\n<p style=\"text-align: center;\">Unsere Website verwendet ausschlie\u00dflich im Login-Bereich so genannte Cookies. Dabei handelt es sich um kleine Textdateien, die mit Hilfe des Browsers auf Ihrem Endger\u00e4t abgelegt werden. Sie richten keinen Schaden an. Wir nutzen Cookies dazu, unser Angebot nutzerfreundlich zu gestalten. Einige Cookies bleiben auf Ihrem Endger\u00e4t gespeichert, laufen aber nach sp\u00e4testens 2 Tagen ab bzw. k\u00f6nnen Sie diese auch manuell l\u00f6schen. Sie erm\u00f6glichen es uns, Ihren Browser beim n\u00e4chsten Besuch wiederzuerkennen. Wenn Sie dies nicht w\u00fcnschen, so k\u00f6nnen Sie Ihren Browser so einrichten, dass er Sie \u00fcber das Setzen von Cookies informiert und Sie dies nur im Einzelfall erlauben. Bei der Deaktivierung von Cookies kann die Funktionalit\u00e4t unserer Website eingeschr\u00e4nkt sein.<\/p>\n<p><\/p>\n<h2 class=\"wp-block-heading\" style=\"text-align: center;\">Datenaufbewahrung, Datenzugriff und Datensicherheit<\/h2>\n<p><\/p>\n<p style=\"text-align: center;\">Andere Personen oder Unternehmen, die in dieser Datenschutzerkl\u00e4rung nicht ausdr\u00fccklich bezeichnet sind, erhalten keinen Zugang zu Ihren Daten. Unsere Website ist Teil des SPORTUNION-Website-Systems und wird von Christian Winkelhofer entwickelt und gewartet. SPORTUNION \u00d6sterreich ZVR-Zahl: 743211514 Gesch\u00e4ftsf\u00fchrer: Stefan Grubhofer 1010 Wien, Falkestrasse 1 Telefon: +43 1 513 77 14 Fax: +43 1 513 40 36 office@sportunion.at Christian Winkelhofer support@sportunion.at Unsere Website wird bei einem daf\u00fcr spezialisierten Dienstleistungsunternehmen gehostet. Zumal wir bei diesem Dienstleister auch Server anmieten, besteht die vertraglich auf das technisch notwendige Mindestma\u00df eingeschr\u00e4nkte M\u00f6glichkeit des Dienstleisters auf die zuvor genannten Daten zuzugreifen. Es handelt sich dabei um folgende Dienstleister: World4You Internet Services GmbH Hafenstra\u00dfe 47-51 4020 Linz \u00d6sterreich Tel: +43 (0) 732 \/ 93035 Fax: +43 (0) 732 \/ 93035 10 E-Mail: office@world4you.com Sie haben sohin im oben genannten Ausma\u00df Kenntnis von den erhobenen personenbezogenen Daten, sind aber nicht berechtigt die Daten f\u00fcr eigene Zwecke zu verwerten oder an Dritte weiter zu geben. Die von Ihnen ein- oder bekanntgegebenen personenbezogenen Daten werden vor unberechtigten Zugriff durch verschl\u00fcsselte \u00dcbertragung, zugriffsgesch\u00fctzte, nach au\u00dfen nicht zug\u00e4ngliche Speicherung und physische Schutzma\u00dfnahmen f\u00fcr die Server gesch\u00fctzt. Die Sicherungsma\u00dfnahmen werden entsprechend der technologischen Entwicklung fortlaufend \u00fcberarbeitet. Derartige Ma\u00dfnahmen umfassen SSL Verschl\u00fcsselung, regelm\u00e4\u00dfige Soft- und Hardwareupdates, permanentes Servermonitoring und Backup-Management durch unseren Dienstleister World4you. Die physischen Vorkehrungen zur Absicherung der Daten erfolgen durch unseren Dienstleister World4you und k\u00f6nnen \u2013 soweit sie nicht zur Vermeidung der Beg\u00fcnstigung von Angriffen Dritter auf die eingesetzten Systeme diskret, abstrakt beschrieben oder geheim bleiben m\u00fcssen \u2013 hier (https:\/\/www.world4you.com\/de\/unternehmen\/datenschutzerklaerung.html ) eingesehen werden.<\/p>\n<p><\/p>\n<h2 class=\"wp-block-heading\" style=\"text-align: center;\">Ihre Rechte<\/h2>\n<p><\/p>\n<p style=\"text-align: center;\">Ihnen stehen grunds\u00e4tzlich die Rechte auf Auskunft, Berichtigung, L\u00f6schung, Einschr\u00e4nkung, Daten\u00fcbertragbarkeit, Widerruf und Widerspruch zu. Zur Wahrnehmung Ihrer Rechte kann es \u2013 je nach Art und Umfang Ihres Anliegens \u2013 auch notwendig sein, dass Sie ihre Identit\u00e4t in geeigneter Form nachweisen. Ausk\u00fcnfte aufgrund wiederholter Auskunftsersuchen sind gem Art 15 (3) DSGVO kostenpflichtig. Hingewiesen wird auch darauf, dass das Recht auf Erhalt einer Kopie gem Art 15 (1) lit b) DSGVO, die Rechte und Freiheiten anderer Personen nicht beeintr\u00e4chtigen darf. Wenn Sie glauben, dass die Verarbeitung Ihrer Daten gegen das Datenschutzrecht verst\u00f6\u00dft oder Ihre datenschutzrechtlichen Anspr\u00fcche sonst in einer Weise verletzt worden sind, k\u00f6nnen Sie sich bei der Aufsichtsbeh\u00f6rde beschweren. In \u00d6sterreich ist dies die Datenschutzbeh\u00f6rde. Diese Datenschutzerkl\u00e4rung bezieht sich auf die jeweils g\u00fcltige Rechtslage. Wir behalten uns k\u00fcnftige \u00c4nderungen oder Anpassungen ausdr\u00fccklich vor. Daher empfehlen wir Ihnen, diese Datenschutzbestimmungen regelm\u00e4\u00dfig zu lesen, um \u00fcber die Verwendung personenbezogener Daten informiert zu bleiben.<\/p>\n<h2 style=\"text-align: center;\"><strong>Newsletter<\/strong><\/h2>\n<p style=\"text-align: center;\">Mitglieder erhalten periodisch einen Newsletter. Hierf\u00fcr ben\u00f6tigen wir Ihre E-Mail-Adresse und ihre Erkl\u00e4rung, dass Sie mit dem Bezug des Newsletters einverstanden sind. Der Verzicht des Newsletters steht nicht im Zusammenhang mit der Mitgliedschaft. Der Verzicht des Newsletters geht jedoch mit einem Informationsnachteil ihrerseits einher.<\/p>\n<p style=\"text-align: center;\">Das Abo des Newsletters k\u00f6nnen Sie jederzeit stornieren. Senden Sie Ihre Stornierung bitte an folgende E-Mail-Adresse: [sekretariat.ltv-stmk@sportunion.at<em>]<\/em>. Wir l\u00f6schen anschlie\u00dfend umgehend Ihre Daten im Zusammenhang mit dem Newsletter-Versand.<\/p>\n<p><\/p>\n<h2 style=\"text-align: center;\">WEBDESIGN | UMSETZUNG<\/h2>\n<p style=\"text-align: center;\"><a title=\"FRESH MARKETING\" href=\"http:\/\/www.fresh-marketing.at\/\" target=\"_blank\" rel=\"noopener\"><strong>Fresh Marketing<\/strong><\/a>&nbsp;<\/p>\n<p style=\"text-align: center;\"><a title=\"Webdesign Agentur Graz\" href=\"http:\/\/www.fresh-marketing.at\/\" target=\"_blank\" rel=\"noopener\">Webdesign Agentur Graz<\/a>&nbsp;\/\/ <a href=\"https:\/\/fresh-marketing.at\/online-marketing-graz\/\">Online Marketing Agentur Graz<\/a><\/p>\n<p style=\"text-align: center;\"><strong>E-Mail:<\/strong>&nbsp;<a title=\"Mail an office@fresh-marketing.at\" href=\"mailto:http:\/\/office@fresh-marketing.at\" target=\"_blank\" rel=\"noopener\">office@fresh-marketing.at<\/a><\/p>\n<p><\/p>","protected":false},"excerpt":{"rendered":"<p>Impressum Landestauchverband Steiermark Arch. DI Werner KampitsA 8010 GrazGleisdorfergasse 4 www.landestauchverband-steiermark.at sekretariat@landestauchverband-steiermark.at ZVR 320221905 Bankverbindung: Landestauchverband SteiermarkBank BurgenlandIBAN: AT73 5100 0809 1416 3200 Richtigkeit &amp; Vollst\u00e4ndigkeit F\u00fcr die Richtigkeit und Vollst\u00e4ndigkeit der auf der Homepage angebotenen Inhalte wird keinerlei Gew\u00e4hr \u00fcbernommen. Den mittels Internet angebotenen Informationen kommt keinerlei Rechtsverbindlichkeit zu. Verschiedene Elemente auf diesen Seiten [&hellip;]<\/p>\n","protected":false},"author":1,"featured_media":0,"parent":0,"menu_order":0,"comment_status":"closed","ping_status":"closed","template":"","meta":{"footnotes":""},"class_list":["post-3","page","type-page","status-publish","hentry"],"_links":{"self":[{"href":"https:\/\/landestauchverband-steiermark.at\/wp-json\/wp\/v2\/pages\/3","targetHints":{"allow":["GET"]}}],"collection":[{"href":"https:\/\/landestauchverband-steiermark.at\/wp-json\/wp\/v2\/pages"}],"about":[{"href":"https:\/\/landestauchverband-steiermark.at\/wp-json\/wp\/v2\/types\/page"}],"author":[{"embeddable":true,"href":"https:\/\/landestauchverband-steiermark.at\/wp-json\/wp\/v2\/users\/1"}],"replies":[{"embeddable":true,"href":"https:\/\/landestauchverband-steiermark.at\/wp-json\/wp\/v2\/comments?post=3"}],"version-history":[{"count":21,"href":"https:\/\/landestauchverband-steiermark.at\/wp-json\/wp\/v2\/pages\/3\/revisions"}],"predecessor-version":[{"id":762,"href":"https:\/\/landestauchverband-steiermark.at\/wp-json\/wp\/v2\/pages\/3\/revisions\/762"}],"wp:attachment":[{"href":"https:\/\/landestauchverband-steiermark.at\/wp-json\/wp\/v2\/media?parent=3"}],"curies":[{"name":"wp","href":"https:\/\/api.w.org\/{rel}","templated":true}]}}